{"id":12580,"date":"2021-01-07T02:44:00","date_gmt":"2021-01-07T01:44:00","guid":{"rendered":"http:\/\/ddcosmetics.eu\/sp\/?post_type=product&#038;p=12580"},"modified":"2022-12-25T02:34:55","modified_gmt":"2022-12-25T01:34:55","slug":"suero-para-mamas","status":"publish","type":"product","link":"https:\/\/ddcosmetics.eu\/sp\/produkt\/suero-para-mamas\/","title":{"rendered":"Realce natural de los senos"},"content":{"rendered":"<p>Lifting y Reafirmante<\/p>\n<p>Rico en ingredientes activos, el suero realzador, lifting y reafirmante de busto es una alternativa natural al lipofilling. Suero, restaura el volumen de los senos, ya que estimula el crecimiento de la grasa.<\/p>\n<p>tejido debajo de la piel, aumentando los senos incluso hasta 3 cm de circunferencia (un tama\u00f1o de copa). El suero contiene una mezcla de fitoestr\u00f3genos naturales (de plantas), que mejora el tama\u00f1o y la apariencia de los senos, aumenta significativamente la s\u00edntesis de col\u00e1geno.Combinaci\u00f3n de extractos de hierbas: contiene fitoestr\u00f3genos activos como formonentina, resveratrol, geniste\u00edna, \u00e1cido fer\u00falico, ligustilida, biocanina A, \u00e1cido el\u00e1gico, puerarin , daidze\u00edna y mirroestrol. Ayuda a mantener el equilibrio hormonal femenino y el desarrollo del tejido mamario. Estimula el crecimiento de las c\u00e9lulas mamarias, fortaleciendo y dando una forma m\u00e1s completa al seno femenino. Voluform estimula la densidad y aumenta la cantidad de grasa debajo de la piel del busto, extracto de fruta de Kigelia Africana, rico en bioflavonoides y saponinas, levanta y tensa la piel. El suero tambi\u00e9n se mejora con algas, extracto de Centella Asiatica, col\u00e1geno natural, \u00e1cido hialur\u00f3nico con dos tama\u00f1os de part\u00edculas diferentes. Los aceites de mango y arg\u00e1n suavizan e hidratan la piel.<\/p>\n<p>* Aplicar diariamente mediante un suave masaje en todo el busto con movimientos circulares (de abajo hacia arriba) durante 3 minutos, frotando profundamente en la piel. Para un efecto mejor y m\u00e1s r\u00e1pido, use un peeling delicado con \u00e1mbar y perla de nuestra colecci\u00f3n antes de aplicar el suero. Mejora la microcirculaci\u00f3n y exfolia suavemente la epidermis. Aplicar el peeling en la zona de los senos y masajear suavemente durante 3 minutos.<\/p>\n","protected":false},"excerpt":{"rendered":"<p>Lifting y Reafirmante Rico en ingredientes activos, el suero realzador, lifting y reafirmante de busto es una alternativa natural al lipofilling. Suero, restaura el volumen de los senos, ya que estimula el crecimiento de la grasa. tejido debajo de la piel, aumentando los senos incluso hasta 3 cm de circunferencia (un tama\u00f1o de copa). El [&hellip;]<\/p>\n","protected":false},"featured_media":12581,"comment_status":"open","ping_status":"closed","template":"","meta":[],"_links":{"self":[{"href":"https:\/\/ddcosmetics.eu\/sp\/wp-json\/wp\/v2\/product\/12580"}],"collection":[{"href":"https:\/\/ddcosmetics.eu\/sp\/wp-json\/wp\/v2\/product"}],"about":[{"href":"https:\/\/ddcosmetics.eu\/sp\/wp-json\/wp\/v2\/types\/product"}],"replies":[{"embeddable":true,"href":"https:\/\/ddcosmetics.eu\/sp\/wp-json\/wp\/v2\/comments?post=12580"}],"wp:featuredmedia":[{"embeddable":true,"href":"https:\/\/ddcosmetics.eu\/sp\/wp-json\/wp\/v2\/media\/12581"}],"wp:attachment":[{"href":"https:\/\/ddcosmetics.eu\/sp\/wp-json\/wp\/v2\/media?parent=12580"}],"curies":[{"name":"wp","href":"https:\/\/api.w.org\/{rel}","templated":true}]}}