{"id":12124,"date":"2019-03-13T23:54:02","date_gmt":"2019-03-13T22:54:02","guid":{"rendered":"http:\/\/ddcosmetics.eu\/?post_type=product&#038;p=12124"},"modified":"2022-12-06T06:51:04","modified_gmt":"2022-12-06T05:51:04","slug":"krem-do-twarzy-c","status":"publish","type":"product","link":"https:\/\/ddcosmetics.eu\/sp\/produkt\/krem-do-twarzy-c\/","title":{"rendered":"CREMA FACIAL CON VITAMINA C"},"content":{"rendered":"<p>La crema C tiene fuertes propiedades antioxidantes, antiarrugas, antienvejecimiento e hidratantes. Su f\u00f3rmula \u00fanica se absorbe r\u00e1pidamente y deja la piel perfectamente lisa y suave. La composici\u00f3n tiene un alto contenido de <strong>vitamina C<\/strong>, y una excelente absorsi\u00f3n, lo cual reduce la decoloraci\u00f3n y estimula la producci\u00f3n de col\u00e1geno. Un complejo de <strong>aceites de onagra, ricino, marula, macadamia y arg\u00e1n<\/strong>, as\u00ed como de <strong>\u00e1cido hialur\u00f3nico<\/strong>, asegura una \u00f3ptima hidrataci\u00f3n. El <strong>\u00e1cido fer\u00falico<\/strong> tiene fuertes propiedades antioxidantes, protege la piel contra la exposici\u00f3n a la radiaci\u00f3n UVB y UVA y estimula la producci\u00f3n de elastina. La crema tambi\u00e9n incluye <strong>c\u00e9lulas madre<\/strong> de naranja amarga, que apoyan la renovaci\u00f3n de la piel.<\/p>\n<p>&nbsp;<\/p>\n<p><strong>Ingredientes activos:<\/strong><\/p>\n<p>La <strong>vitamina C natural en la soluci\u00f3n de gluc\u00f3sido de ascorbilo<\/strong>, se absorbe eficazmente a trav\u00e9s de la piel. Proporciona una protecci\u00f3n antioxidante eficaz, penetra en las c\u00e9lulas de la piel, reduce el blanqueamiento y restaura el col\u00e1geno. Seg\u00fan los estudios, la vitamina C que se utiliza en la f\u00f3rmula de la crema C act\u00faa en la capa m\u00e1s profunda de la epidermis e incluso en la dermis.<\/p>\n<p>El <strong>\u00e1cido gamma-linol\u00e9nico (AGL)<\/strong> contenido en el <strong>aceite de onagra<\/strong>, desempe\u00f1a un papel importante en el buen funcionamiento de la piel, especialmente en el estrato c\u00f3rneo, que es uno de los principales componentes de las ceramidas que forman la capa lip\u00eddica. Se ha demostrado que la presencia de este \u00e1cido impide la descamaci\u00f3n de la piel y la p\u00e9rdida de agua a trav\u00e9s de la epidermis, al tiempo que mejora la suavidad y la elasticidad de la piel y regula el proceso de queratinizaci\u00f3n epid\u00e9rmica.<\/p>\n<p>Complejo rico en <strong>aceite natural (aceites de ricino, marula, macadamia y arg\u00e1n)<\/strong> Ofrece una hidrataci\u00f3n inmediata y a largo plazo de la piel a un nivel \u00f3ptimo, regenera eficazmente y deja la piel firme y bien nutrida.<\/p>\n<p><strong>El \u00c1cido fer\u00falico<\/strong> Tiene fuertes propiedades antioxidantes y un papel protector de las principales estructuras de la piel: queratinocitos, fibroblastos, col\u00e1geno, elastina. El \u00e1cido fer\u00falico ayuda a prevenir el da\u00f1o a nuestras c\u00e9lulas causado por los rayos UV.<\/p>\n","protected":false},"excerpt":{"rendered":"<p>La crema C tiene fuertes propiedades antioxidantes, antiarrugas, antienvejecimiento e hidratantes. Su f\u00f3rmula \u00fanica se absorbe r\u00e1pidamente y deja la piel perfectamente lisa y suave. La composici\u00f3n tiene un alto contenido de vitamina C, y una excelente absorsi\u00f3n, lo cual reduce la decoloraci\u00f3n y estimula la producci\u00f3n de col\u00e1geno. Un complejo de aceites de onagra, [&hellip;]<\/p>\n","protected":false},"featured_media":12569,"comment_status":"open","ping_status":"closed","template":"","meta":[],"_links":{"self":[{"href":"https:\/\/ddcosmetics.eu\/sp\/wp-json\/wp\/v2\/product\/12124"}],"collection":[{"href":"https:\/\/ddcosmetics.eu\/sp\/wp-json\/wp\/v2\/product"}],"about":[{"href":"https:\/\/ddcosmetics.eu\/sp\/wp-json\/wp\/v2\/types\/product"}],"replies":[{"embeddable":true,"href":"https:\/\/ddcosmetics.eu\/sp\/wp-json\/wp\/v2\/comments?post=12124"}],"wp:featuredmedia":[{"embeddable":true,"href":"https:\/\/ddcosmetics.eu\/sp\/wp-json\/wp\/v2\/media\/12569"}],"wp:attachment":[{"href":"https:\/\/ddcosmetics.eu\/sp\/wp-json\/wp\/v2\/media?parent=12124"}],"curies":[{"name":"wp","href":"https:\/\/api.w.org\/{rel}","templated":true}]}}