{"id":12309,"date":"2019-03-16T13:02:05","date_gmt":"2019-03-16T12:02:05","guid":{"rendered":"http:\/\/ddcosmetics.eu\/?page_id=12309"},"modified":"2019-04-29T00:30:44","modified_gmt":"2019-04-28T22:30:44","slug":"wspolpraca","status":"publish","type":"page","link":"https:\/\/ddcosmetics.eu\/sp\/wspolpraca\/","title":{"rendered":"Cooperaci\u00f3n"},"content":{"rendered":"<p>La innovaci\u00f3n, la integridad y la honestidad son la base de nuestra asociaci\u00f3n. Al creer que los productos de D&amp;D Cosmetics podr\u00edan ser la clave de su \u00e9xito, siempre estamos dispuestos a cooperar con usted. Estamos buscando distribuidores en Polonia y en el extranjero.<\/p>\n<p><img loading=\"lazy\" class=\"aligncenter wp-image-12314 size-large\" src=\"http:\/\/ddcosmetics.eu\/wp-content\/uploads\/2019\/03\/SLIDER-2-1024x616.jpg\" alt=\"\" width=\"1024\" height=\"616\" srcset=\"https:\/\/ddcosmetics.eu\/sp\/wp-content\/uploads\/2019\/03\/SLIDER-2-1024x616.jpg 1024w, https:\/\/ddcosmetics.eu\/sp\/wp-content\/uploads\/2019\/03\/SLIDER-2-415x250.jpg 415w, https:\/\/ddcosmetics.eu\/sp\/wp-content\/uploads\/2019\/03\/SLIDER-2-768x462.jpg 768w, https:\/\/ddcosmetics.eu\/sp\/wp-content\/uploads\/2019\/03\/SLIDER-2-600x361.jpg 600w, https:\/\/ddcosmetics.eu\/sp\/wp-content\/uploads\/2019\/03\/SLIDER-2.jpg 1277w\" sizes=\"(max-width: 1024px) 100vw, 1024px\" \/><\/p>\n","protected":false},"excerpt":{"rendered":"<p>La innovaci\u00f3n, la integridad y la honestidad son la base de nuestra asociaci\u00f3n. Al creer que los productos de D&amp;D Cosmetics podr\u00edan ser la clave de su \u00e9xito, siempre estamos dispuestos a cooperar con usted. Estamos buscando distribuidores en Polonia y en el extranjero.<\/p>\n","protected":false},"author":1,"featured_media":0,"parent":0,"menu_order":0,"comment_status":"closed","ping_status":"closed","template":"","meta":[],"_links":{"self":[{"href":"https:\/\/ddcosmetics.eu\/sp\/wp-json\/wp\/v2\/pages\/12309"}],"collection":[{"href":"https:\/\/ddcosmetics.eu\/sp\/wp-json\/wp\/v2\/pages"}],"about":[{"href":"https:\/\/ddcosmetics.eu\/sp\/wp-json\/wp\/v2\/types\/page"}],"author":[{"embeddable":true,"href":"https:\/\/ddcosmetics.eu\/sp\/wp-json\/wp\/v2\/users\/1"}],"replies":[{"embeddable":true,"href":"https:\/\/ddcosmetics.eu\/sp\/wp-json\/wp\/v2\/comments?post=12309"}],"version-history":[{"count":5,"href":"https:\/\/ddcosmetics.eu\/sp\/wp-json\/wp\/v2\/pages\/12309\/revisions"}],"predecessor-version":[{"id":12507,"href":"https:\/\/ddcosmetics.eu\/sp\/wp-json\/wp\/v2\/pages\/12309\/revisions\/12507"}],"wp:attachment":[{"href":"https:\/\/ddcosmetics.eu\/sp\/wp-json\/wp\/v2\/media?parent=12309"}],"curies":[{"name":"wp","href":"https:\/\/api.w.org\/{rel}","templated":true}]}}