{"id":12419,"date":"2019-03-23T07:25:18","date_gmt":"2019-03-23T06:25:18","guid":{"rendered":"http:\/\/ddcosmetics.eu\/?page_id=12419"},"modified":"2019-04-08T20:15:14","modified_gmt":"2019-04-08T18:15:14","slug":"privacy-policy","status":"publish","type":"page","link":"https:\/\/ddcosmetics.eu\/en\/privacy-policy\/","title":{"rendered":"Privacy policy"},"content":{"rendered":"<p>[vc_row][vc_column]<div class='dt-sc-title script-with-sub-title '><h2>Polityka prywatno\u015bci<\/h2><h3><\/h3><\/div>[vc_column_text]Informujemy, \u017ce dane osobowe s\u0105 przetwarzane, ale r\u00f3wnie\u017c zabezpieczone zgodnie z wymogami prawa, dotycz\u0105cymi zasad przetwarzania i zabezpieczenia danych, w tym w szczeg\u00f3lno\u015bci s\u0105 one przetwarzane zgodnie z Rozporz\u0105dzeniem Parlamentu Europejskiego i Rady (UE) 2016\/679 z 27 kwietnia 2016 r. w sprawie ochrony os\u00f3b fizycznych w zwi\u0105zku z przetwarzaniem danych osobowych i w sprawie swobodnego przep\u0142ywu takich danych oraz uchylenia dyrektywy 95\/46\/WE (og\u00f3lne rozporz\u0105dzenie o ochronie danych).<\/p>\n<p>Przetwarzane dane<\/p>\n<p>Informacje na podstawie kt\u00f3rych jeste\u015bmy w stanie Ci\u0119 zidentyfikowa\u0107, s\u0105 one zbierane w ramach prowadzenia przez nas dzia\u0142alno\u015bci handlowej, przyk\u0142adowo jest to imi\u0119 oraz nazwisko, numer telefonu czy adres poczty internetowej podane podczas komunikacji elektronicznej.<br \/>\nAdministratorem Twoich danych jest Chemink Micha\u0142 Duda, Rutki 2, 83-330 \u017bukowo, NIP 5832716622, REGON 221679070<br \/>\ne-mail : biuro@cosmetic.eu, nr telefonu +48 531 782 874.<\/p>\n<p>Cele przetwarzania danych<\/p>\n<ul>\n<li>W celu realizacji zam\u00f3wie\u0144 oraz \u015bwiadczenia us\u0142ug,<\/li>\n<li>W celach statystycznych,<\/li>\n<li>W celu oferowania produkt\u00f3w handlowych,<\/li>\n<li>W celu marketingu bezpo\u015bredniego, informowania o promocjach i najnowszych ofertach,<\/li>\n<li>W celu post\u0119powania rekrutacyjnego,<\/li>\n<\/ul>\n<p>Dane b\u0119d\u0105 r\u00f3wnie\u017c przetwarzane w spos\u00f3b zautomatyzowany w tym r\u00f3wnie\u017c w formie profilowania. Zautomatyzowane podejmowanie decyzji b\u0119dzie odbywa\u0142o si\u0119 poprzez ocen\u0119 czynnik\u00f3w dotycz\u0105cych profilowanej osoby, w tym p\u0142ci, wielu, lokalizacji, zainteresowa\u0144, osobistych preferencji, mo\u017cliwo\u015bci finansowych. Konsekwencj\u0105 takiego przetwarzania b\u0119dzie dostosowanie oferty marketingowej, odrzucenie wniosku kredytowy, zindywidualizowany kontakt z klientem.<\/p>\n<p>Czas przetwarzania danych<\/p>\n<p>Maksymalny niezb\u0119dny okres przetwarzania Twoich danych to 10 lat, a w celach rekrutacyjnych 1 rok. W przypadku wycofania zgody, dane zostan\u0105 przez nas usuni\u0119te niezw\u0142ocznie, nie p\u00f3\u017aniej ni\u017c w terminie 14 dni roboczych od dnia zg\u0142oszenia. To maksymalny czas, kt\u00f3ry jest nam potrzebny operacyjnie na usuni\u0119cie Pa\u0144stwa danych z naszych zasob\u00f3w.<\/p>\n<p>Podstawy prawne przetwarzania danych?<\/p>\n<p>Ka\u017cde przetwarzanie danych musi by\u0107 oparte na w\u0142a\u015bciwej, zgodnej z obowi\u0105zuj\u0105cymi przepisami, podstawie prawnej. Podstaw\u0105 prawn\u0105 przetwarzania danych w celu \u015bwiadczenia us\u0142ug jest niezb\u0119dno\u015b\u0107 do wykonania um\u00f3w o ich \u015bwiadczenie. Przetwarzanie danych w celach marketingowych oraz promocyjnych oraz w celach analitycznych b\u0119dzie odbywa\u0107 si\u0119 na podstawie dobrowolnej zgody.<\/p>\n<p>Przekazywanie danych<\/p>\n<p>Zgodnie z obowi\u0105zuj\u0105cym prawem dane mo\u017cemy przekazywa\u0107 podmiotom przetwarzaj\u0105cym je na nasze zlecenie zgodnie z zawart\u0105 umow\u0105 handlow\u0105, np. agencjom marketingowym, podwykonawcom naszych us\u0142ug, pracownikom Administratora oraz podmiotom uprawnionym do uzyskania danych na podstawie obowi\u0105zuj\u0105cego prawa np. s\u0105dy lub organy \u015bcigania (tylko w przypadku wyst\u0105pienia z \u017c\u0105daniem z podaniem stosownej podstawy prawnej. Jednocze\u015bnie zaznaczy\u0107 nale\u017cy, i\u017c Pa\u0144stwa dane nie b\u0119d\u0105 przekazywane do pa\u0144stw trzecich tzn. poza terytorium Unii Europejskiej.<\/p>\n<p>Jakie s\u0105 Twoje prawa w zwi\u0105zku z przetwarzaniem Twoich danych osobowych?<\/p>\n<p>Masz prawo do \u017c\u0105dania od Administratora Danych Osobowych dost\u0119pu do Twoich danych, ich sprostowania czyli aktualizacji, usuni\u0119cia lub ograniczenie ich przetwarzania, jak i prawo do przenoszenia danych. Mo\u017cesz tak\u017ce cofn\u0105\u0107 zgod\u0119 na przetwarzanie Twoich danych w ka\u017cdym czasie poprzez z\u0142o\u017cenie\/wniesienie sprzeciwu wobec przetwarzania twoich danych przez Administratora.<br \/>\nMasz prawo wniesienia skargi do Prezesa Urz\u0119du Ochrony Danych Osobowych (dawniej GIODO) gdy uznasz, i\u017c przetwarzanie przez nas Twoich danych osobowych narusza przepisy og\u00f3lnego rozporz\u0105dzenia o ochronie danych osobowych z dnia 27 kwietnia 2016 r.<br \/>\nJednocze\u015bnie zaznaczy\u0107 nale\u017cy, i\u017c w ka\u017cdym momencie mo\u017cesz wycofa\u0107 swoj\u0105 zgod\u0119 na przetwarzanie danych osobowych, je\u015bli chcesz to zrobi\u0107 skontaktuj si\u0119 z administratorem danych osobowych.[\/vc_column_text][\/vc_column][\/vc_row]<\/p>\n","protected":false},"excerpt":{"rendered":"<p>[vc_row][vc_column][vc_column_text]Informujemy, \u017ce dane osobowe s\u0105 przetwarzane, ale r\u00f3wnie\u017c zabezpieczone zgodnie z wymogami prawa, dotycz\u0105cymi zasad przetwarzania i zabezpieczenia danych, w tym w szczeg\u00f3lno\u015bci s\u0105 one przetwarzane zgodnie z Rozporz\u0105dzeniem Parlamentu Europejskiego i Rady (UE) 2016\/679 z 27 kwietnia 2016 r. w sprawie ochrony os\u00f3b fizycznych w zwi\u0105zku z przetwarzaniem danych osobowych i w sprawie swobodnego [&hellip;]<\/p>\n","protected":false},"author":1,"featured_media":0,"parent":0,"menu_order":0,"comment_status":"closed","ping_status":"closed","template":"","meta":{"spay_email":""},"_links":{"self":[{"href":"https:\/\/ddcosmetics.eu\/en\/wp-json\/wp\/v2\/pages\/12419"}],"collection":[{"href":"https:\/\/ddcosmetics.eu\/en\/wp-json\/wp\/v2\/pages"}],"about":[{"href":"https:\/\/ddcosmetics.eu\/en\/wp-json\/wp\/v2\/types\/page"}],"author":[{"embeddable":true,"href":"https:\/\/ddcosmetics.eu\/en\/wp-json\/wp\/v2\/users\/1"}],"replies":[{"embeddable":true,"href":"https:\/\/ddcosmetics.eu\/en\/wp-json\/wp\/v2\/comments?post=12419"}],"version-history":[{"count":4,"href":"https:\/\/ddcosmetics.eu\/en\/wp-json\/wp\/v2\/pages\/12419\/revisions"}],"predecessor-version":[{"id":12525,"href":"https:\/\/ddcosmetics.eu\/en\/wp-json\/wp\/v2\/pages\/12419\/revisions\/12525"}],"wp:attachment":[{"href":"https:\/\/ddcosmetics.eu\/en\/wp-json\/wp\/v2\/media?parent=12419"}],"curies":[{"name":"wp","href":"https:\/\/api.w.org\/{rel}","templated":true}]}}